{"id":5,"date":"2020-01-13T11:17:52","date_gmt":"2020-01-13T10:17:52","guid":{"rendered":"https:\/\/demosites.io\/web-agency-gb\/?page_id=5"},"modified":"2023-03-15T10:24:48","modified_gmt":"2023-03-15T09:24:48","slug":"accueil","status":"publish","type":"page","link":"https:\/\/exemple.nasply.com\/carrossier\/","title":{"rendered":"Accueil"},"content":{"rendered":"\n<div class=\"wp-block-cover alignfull has-background-dim\" style=\"min-height:700px;aspect-ratio:unset;\"><video class=\"wp-block-cover__video-background intrinsic-ignore\" autoplay muted loop playsinline src=\"https:\/\/gtcarrosserie.com\/wp-content\/uploads\/2021\/05\/GTCARROSSERIE.mp4\" data-object-fit=\"cover\"><\/video><div class=\"wp-block-cover__inner-container is-layout-flow wp-block-cover-is-layout-flow\">\n<div style=\"height:80px\" aria-hidden=\"true\" class=\"wp-block-spacer\"><\/div>\n\n\n\n<h1 class=\"has-text-align-center has-neve-text-color-color has-text-color wp-block-heading\" style=\"font-size:60px\">Votre carrossier automobile<\/h1>\n\n\n\n<p class=\"has-text-align-center has-neve-link-hover-color-color has-text-color\" style=\"font-size:17px\"><span class=\"has-inline-color has-neve-text-color-color\">Auto, moto, GT Carrosserie est \u00e0 votre service<\/span><\/p>\n\n\n\n<div class=\"wp-block-buttons is-content-justification-center is-layout-flex wp-block-buttons-is-layout-flex\">\n<div class=\"wp-block-button is-style-primary\"><a class=\"wp-block-button__link has-neve-text-color-color has-text-color has-background\" href=\"{home_url}\/contact\" style=\"background-color:#ce242f\">nous contacter<\/a><\/div>\n\n\n\n<div class=\"wp-block-button is-style-secondary\"><a class=\"wp-block-button__link has-neve-text-color-color has-nv-light-bg-background-color has-text-color has-background\" href=\"{home_url}\/news\">les news<\/a><\/div>\n<\/div>\n\n\n\n<div style=\"height:80px\" aria-hidden=\"true\" class=\"wp-block-spacer\"><\/div>\n\n\n\n<div style=\"height:80px\" aria-hidden=\"true\" class=\"wp-block-spacer\"><\/div>\n<\/div><\/div>\n\n\n\n<div style=\"height:80px\" aria-hidden=\"true\" class=\"wp-block-spacer\"><\/div>\n\n\n\n<div class=\"wp-block-columns is-layout-flex wp-container-core-columns-is-layout-9d6595d7 wp-block-columns-is-layout-flex\">\n<div class=\"wp-block-column is-layout-flow wp-block-column-is-layout-flow\">\n<div class=\"wp-block-image icon-style is-style-rounded\"><figure class=\"aligncenter size-large is-resized\"><img decoding=\"async\" src=\"https:\/\/cefii-developpements.fr\/florian1066\/gtcarrosserie\/wp-content\/uploads\/2021\/03\/iconmonstr-paint-bucket-4-240.png\" alt=\"\" class=\"wp-image-619\" width=\"85\" height=\"85\" srcset=\"https:\/\/exemple.nasply.com\/carrossier\/wp-content\/uploads\/2021\/03\/iconmonstr-paint-bucket-4-240.png 240w, https:\/\/exemple.nasply.com\/carrossier\/wp-content\/uploads\/2021\/03\/iconmonstr-paint-bucket-4-240-150x150.png 150w\" sizes=\"(max-width: 85px) 100vw, 85px\" \/><\/figure><\/div>\n\n\n\n<h3 class=\"has-text-align-center has-neve-text-color-color has-text-color wp-block-heading\">Peinture<\/h3>\n\n\n\n<p class=\"has-text-align-center\">Teinte du v\u00e9hicule<\/p>\n\n\n\n<div style=\"height:20px\" aria-hidden=\"true\" class=\"wp-block-spacer\"><\/div>\n<\/div>\n\n\n\n<div class=\"wp-block-column is-layout-flow wp-block-column-is-layout-flow\">\n<div class=\"wp-block-image icon-style is-style-rounded\"><figure class=\"aligncenter size-large is-resized\"><img decoding=\"async\" src=\"https:\/\/cefii-developpements.fr\/florian1066\/gtcarrosserie\/wp-content\/uploads\/2021\/03\/iconmonstr-car-4-240.png\" alt=\"\" class=\"wp-image-625\" width=\"85\" height=\"85\" srcset=\"https:\/\/exemple.nasply.com\/carrossier\/wp-content\/uploads\/2021\/03\/iconmonstr-car-4-240.png 240w, https:\/\/exemple.nasply.com\/carrossier\/wp-content\/uploads\/2021\/03\/iconmonstr-car-4-240-150x150.png 150w\" sizes=\"(max-width: 85px) 100vw, 85px\" \/><\/figure><\/div>\n\n\n\n<h3 class=\"has-text-align-center has-neve-text-color-color has-text-color wp-block-heading\">Pare-brise<\/h3>\n\n\n\n<p class=\"has-text-align-center\">Remplacement de pare-brise et vitrage<\/p>\n\n\n\n<div style=\"height:20px\" aria-hidden=\"true\" class=\"wp-block-spacer\"><\/div>\n<\/div>\n\n\n\n<div class=\"wp-block-column is-layout-flow wp-block-column-is-layout-flow\">\n<div class=\"wp-block-image icon-style is-style-rounded\"><figure class=\"aligncenter size-large is-resized\"><img decoding=\"async\" src=\"https:\/\/cefii-developpements.fr\/florian1066\/gtcarrosserie\/wp-content\/uploads\/2021\/03\/iconmonstr-weather-89-240.png\" alt=\"\" class=\"wp-image-624\" width=\"85\" height=\"85\" srcset=\"https:\/\/exemple.nasply.com\/carrossier\/wp-content\/uploads\/2021\/03\/iconmonstr-weather-89-240.png 240w, https:\/\/exemple.nasply.com\/carrossier\/wp-content\/uploads\/2021\/03\/iconmonstr-weather-89-240-150x150.png 150w\" sizes=\"(max-width: 85px) 100vw, 85px\" \/><\/figure><\/div>\n\n\n\n<h3 class=\"has-text-align-center has-neve-text-color-color has-text-color wp-block-heading\">Lavage<\/h3>\n\n\n\n<p class=\"has-text-align-center\">Nettoyage du v\u00e9hicule \u00e0 la main<\/p>\n\n\n\n<div style=\"height:20px\" aria-hidden=\"true\" class=\"wp-block-spacer\"><\/div>\n<\/div>\n<\/div>\n\n\n\n<div style=\"height:80px\" aria-hidden=\"true\" class=\"wp-block-spacer\"><\/div>\n\n\n\n<div class=\"wp-block-cover alignfull has-nv-light-bg-background-color has-background-dim\" style=\"min-height:600px;aspect-ratio:unset;\"><div class=\"wp-block-cover__inner-container is-layout-flow wp-block-cover-is-layout-flow\">\n<div class=\"wp-block-group\"><div class=\"wp-block-group__inner-container is-layout-flow wp-block-group-is-layout-flow\">\n<div style=\"height:80px\" aria-hidden=\"true\" class=\"wp-block-spacer\"><\/div>\n\n\n\n<div class=\"wp-block-columns are-vertically-aligned-center is-layout-flex wp-container-core-columns-is-layout-9d6595d7 wp-block-columns-is-layout-flex\">\n<div class=\"wp-block-column is-vertically-aligned-center is-layout-flow wp-block-column-is-layout-flow\" style=\"flex-basis:50%\">\n<figure class=\"wp-block-gallery columns-1 is-cropped wp-block-gallery-1 is-layout-flex wp-block-gallery-is-layout-flex\"><ul class=\"blocks-gallery-grid\"><li class=\"blocks-gallery-item\"><figure><img loading=\"lazy\" decoding=\"async\" width=\"1024\" height=\"461\" src=\"https:\/\/gtcarrosserie.com\/wp-content\/uploads\/2021\/04\/photo_2021-04-19_10-51-21-3-1024x461.jpg\" alt=\"\" data-id=\"783\" data-full-url=\"https:\/\/gtcarrosserie.com\/wp-content\/uploads\/2021\/04\/photo_2021-04-19_10-51-21-3.jpg\" data-link=\"https:\/\/gtcarrosserie.com\/accueil\/photo_2021-04-19_10-51-21-3\/\" class=\"wp-image-783\" srcset=\"https:\/\/exemple.nasply.com\/carrossier\/wp-content\/uploads\/2021\/04\/photo_2021-04-19_10-51-21-3-1024x461.jpg 1024w, https:\/\/exemple.nasply.com\/carrossier\/wp-content\/uploads\/2021\/04\/photo_2021-04-19_10-51-21-3-300x135.jpg 300w, https:\/\/exemple.nasply.com\/carrossier\/wp-content\/uploads\/2021\/04\/photo_2021-04-19_10-51-21-3-768x346.jpg 768w, https:\/\/exemple.nasply.com\/carrossier\/wp-content\/uploads\/2021\/04\/photo_2021-04-19_10-51-21-3.jpg 1280w\" sizes=\"(max-width: 1024px) 100vw, 1024px\" \/><\/figure><\/li><\/ul><\/figure>\n<\/div>\n\n\n\n<div class=\"wp-block-column is-vertically-aligned-center is-layout-flow wp-block-column-is-layout-flow\" style=\"flex-basis:50%\">\n<div style=\"height:20px\" aria-hidden=\"true\" class=\"wp-block-spacer\"><\/div>\n\n\n\n<h2 class=\"has-text-align-left has-neve-text-color-color has-text-color wp-block-heading\" style=\"font-size:40px\">Un savoir-faire<\/h2>\n\n\n\n<p>Confiez-nous votre v\u00e9hicule.<\/p>\n\n\n\n<div class=\"wp-block-buttons is-content-justification-left is-layout-flex wp-block-buttons-is-layout-flex\">\n<div class=\"wp-block-button is-style-primary\"><a class=\"wp-block-button__link has-neve-text-color-color has-text-color has-background\" href=\"{home_url}\/contact\" style=\"background-color:#ce242f\">nous contacter<\/a><\/div>\n<\/div>\n<\/div>\n<\/div>\n\n\n\n<div style=\"height:40px\" aria-hidden=\"true\" class=\"wp-block-spacer\"><\/div>\n<\/div><\/div>\n<\/div><\/div>\n\n\n\n<div class=\"wp-block-cover alignfull has-nv-site-bg-background-color has-background-dim\" style=\"min-height:600px;aspect-ratio:unset;\"><div class=\"wp-block-cover__inner-container is-layout-flow wp-block-cover-is-layout-flow\">\n<div class=\"wp-block-group\"><div class=\"wp-block-group__inner-container is-layout-flow wp-block-group-is-layout-flow\">\n<div style=\"height:80px\" aria-hidden=\"true\" class=\"wp-block-spacer\"><\/div>\n\n\n\n<div class=\"wp-block-columns are-vertically-aligned-center is-layout-flex wp-container-core-columns-is-layout-9d6595d7 wp-block-columns-is-layout-flex\">\n<div class=\"wp-block-column is-vertically-aligned-center is-layout-flow wp-block-column-is-layout-flow\" style=\"flex-basis:50%\">\n<h2 class=\"has-text-align-left has-neve-text-color-color has-text-color wp-block-heading\" style=\"font-size:35px\">Votre demande, notre travail<\/h2>\n\n\n\n<p class=\"has-text-align-left has-neve-text-color-color has-text-color\" style=\"font-size:17px\">Lavage du v\u00e9hicule<\/p>\n\n\n\n<div class=\"wp-block-buttons is-content-justification-left is-layout-flex wp-block-buttons-is-layout-flex\">\n<div class=\"wp-block-button is-style-primary\"><a class=\"wp-block-button__link has-neve-text-color-color has-text-color has-background\" href=\"{home_url}\/news\" style=\"background-color:#ce242f\">en savoir +<\/a><\/div>\n<\/div>\n\n\n\n<div style=\"height:40px\" aria-hidden=\"true\" class=\"wp-block-spacer\"><\/div>\n<\/div>\n\n\n\n<div class=\"wp-block-column is-vertically-aligned-center is-layout-flow wp-block-column-is-layout-flow\" style=\"flex-basis:50%\">\n<figure class=\"wp-block-image size-large is-style-default\"><img loading=\"lazy\" decoding=\"async\" width=\"1024\" height=\"555\" src=\"https:\/\/cefii-developpements.fr\/florian1066\/gtcarrosserie\/wp-content\/uploads\/2021\/03\/DSNoirEtOrange-1024x555.jpg\" alt=\"\" class=\"wp-image-635\" srcset=\"https:\/\/exemple.nasply.com\/carrossier\/wp-content\/uploads\/2021\/03\/DSNoirEtOrange-1024x555.jpg 1024w, https:\/\/exemple.nasply.com\/carrossier\/wp-content\/uploads\/2021\/03\/DSNoirEtOrange-300x163.jpg 300w, https:\/\/exemple.nasply.com\/carrossier\/wp-content\/uploads\/2021\/03\/DSNoirEtOrange-768x416.jpg 768w, https:\/\/exemple.nasply.com\/carrossier\/wp-content\/uploads\/2021\/03\/DSNoirEtOrange-1536x832.jpg 1536w, https:\/\/exemple.nasply.com\/carrossier\/wp-content\/uploads\/2021\/03\/DSNoirEtOrange-2048x1109.jpg 2048w\" sizes=\"(max-width: 1024px) 100vw, 1024px\" \/><\/figure>\n<\/div>\n<\/div>\n\n\n\n<div style=\"height:40px\" aria-hidden=\"true\" class=\"wp-block-spacer\"><\/div>\n<\/div><\/div>\n<\/div><\/div>\n\n\n\n<div class=\"wp-block-cover alignfull has-nv-dark-bg-background-color has-background-dim\" style=\"min-height:600px;aspect-ratio:unset;\"><div class=\"wp-block-cover__inner-container is-layout-flow wp-block-cover-is-layout-flow\">\n<div class=\"wp-block-group\"><div class=\"wp-block-group__inner-container is-layout-flow wp-block-group-is-layout-flow\">\n<div style=\"height:80px\" aria-hidden=\"true\" class=\"wp-block-spacer\"><\/div>\n\n\n\n<div class=\"wp-block-columns are-vertically-aligned-center is-layout-flex wp-container-core-columns-is-layout-9d6595d7 wp-block-columns-is-layout-flex\">\n<div class=\"wp-block-column is-vertically-aligned-center is-layout-flow wp-block-column-is-layout-flow\" style=\"flex-basis:50%\">\n<figure class=\"wp-block-image size-large\"><img loading=\"lazy\" decoding=\"async\" width=\"1024\" height=\"576\" src=\"https:\/\/gtcarrosserie.com\/wp-content\/uploads\/2021\/03\/porsheNoir-scaled-e1615627770944-1024x576.jpg\" alt=\"\" class=\"wp-image-640\" srcset=\"https:\/\/exemple.nasply.com\/carrossier\/wp-content\/uploads\/2021\/03\/porsheNoir-scaled-e1615627770944-1024x576.jpg 1024w, https:\/\/exemple.nasply.com\/carrossier\/wp-content\/uploads\/2021\/03\/porsheNoir-scaled-e1615627770944-300x169.jpg 300w, https:\/\/exemple.nasply.com\/carrossier\/wp-content\/uploads\/2021\/03\/porsheNoir-scaled-e1615627770944-768x432.jpg 768w, https:\/\/exemple.nasply.com\/carrossier\/wp-content\/uploads\/2021\/03\/porsheNoir-scaled-e1615627770944-1536x864.jpg 1536w, https:\/\/exemple.nasply.com\/carrossier\/wp-content\/uploads\/2021\/03\/porsheNoir-scaled-e1615627770944-2048x1152.jpg 2048w\" sizes=\"(max-width: 1024px) 100vw, 1024px\" \/><\/figure>\n<\/div>\n\n\n\n<div class=\"wp-block-column is-vertically-aligned-center is-layout-flow wp-block-column-is-layout-flow\" style=\"flex-basis:50%\">\n<div style=\"height:40px\" aria-hidden=\"true\" class=\"wp-block-spacer\"><\/div>\n\n\n\n<h2 class=\"has-text-align-left has-nv-text-dark-bg-color has-text-color wp-block-heading\" style=\"font-size:35px\">Tous types de v\u00e9hicules<\/h2>\n\n\n\n<p class=\"has-text-align-left has-nv-text-dark-bg-color has-text-color\" style=\"font-size:17px\">Citro\u00ebn, Porsche, Audi, Renault, votre v\u00e9hicule sera remis \u00e0 neuf dans notre garage.<\/p>\n\n\n\n<div class=\"wp-block-buttons is-content-justification-left is-layout-flex wp-block-buttons-is-layout-flex\">\n<div class=\"wp-block-button is-style-primary\"><a class=\"wp-block-button__link has-neve-text-color-color has-text-color has-background\" href=\"{home_url}\/news\" style=\"background-color:#ce242f\">EN SAVOIR +<\/a><\/div>\n<\/div>\n<\/div>\n<\/div>\n\n\n\n<div style=\"height:40px\" aria-hidden=\"true\" class=\"wp-block-spacer\"><\/div>\n<\/div><\/div>\n<\/div><\/div>\n\n\n\n<div style=\"height:40px\" aria-hidden=\"true\" class=\"wp-block-spacer\"><\/div>\n\n\n\n<div class=\"wp-block-cover alignfull has-nv-site-bg-background-color has-background-dim\" style=\"min-height:600px;aspect-ratio:unset;\"><div class=\"wp-block-cover__inner-container is-layout-flow wp-block-cover-is-layout-flow\">\n<div class=\"wp-block-group\"><div class=\"wp-block-group__inner-container is-layout-flow wp-block-group-is-layout-flow\">\n<div style=\"height:80px\" aria-hidden=\"true\" class=\"wp-block-spacer\"><\/div>\n\n\n\n<h2 class=\"has-neve-text-color-color has-text-color wp-block-heading\" style=\"font-size:40px\">Travail r\u00e9cents<\/h2>\n\n\n\n<div style=\"height:20px\" aria-hidden=\"true\" class=\"wp-block-spacer\"><\/div>\n\n\n\n<div class=\"wp-block-columns alignwide is-layout-flex wp-container-core-columns-is-layout-9d6595d7 wp-block-columns-is-layout-flex\">\n<div class=\"wp-block-column is-layout-flow wp-block-column-is-layout-flow\" style=\"flex-basis:50%\">\n<div class=\"wp-block-image\"><figure class=\"aligncenter size-large\"><a href=\"https:\/\/gtcarrosserie.com\/peinture-d-une-peugeot\/\"><img loading=\"lazy\" decoding=\"async\" width=\"1024\" height=\"729\" src=\"https:\/\/gtcarrosserie.com\/wp-content\/uploads\/2020\/01\/peugeot-1024x729.jpg\" alt=\"\" class=\"wp-image-707\" srcset=\"https:\/\/exemple.nasply.com\/carrossier\/wp-content\/uploads\/2020\/01\/peugeot-1024x729.jpg 1024w, https:\/\/exemple.nasply.com\/carrossier\/wp-content\/uploads\/2020\/01\/peugeot-300x214.jpg 300w, https:\/\/exemple.nasply.com\/carrossier\/wp-content\/uploads\/2020\/01\/peugeot-768x547.jpg 768w, https:\/\/exemple.nasply.com\/carrossier\/wp-content\/uploads\/2020\/01\/peugeot-1536x1094.jpg 1536w, https:\/\/exemple.nasply.com\/carrossier\/wp-content\/uploads\/2020\/01\/peugeot-2048x1459.jpg 2048w\" sizes=\"(max-width: 1024px) 100vw, 1024px\" \/><\/a><figcaption><span class=\"has-inline-color has-nv-text-dark-bg-color\">Peinture des r\u00e9tros et du to\u00eet<\/span><\/figcaption><\/figure><\/div>\n<\/div>\n\n\n\n<div class=\"wp-block-column is-layout-flow wp-block-column-is-layout-flow\" style=\"flex-basis:50%\">\n<div class=\"wp-block-image is-style-default\"><figure class=\"aligncenter size-large\"><a href=\"https:\/\/gtcarrosserie.com\/renovation-moto\/\"><img loading=\"lazy\" decoding=\"async\" width=\"1024\" height=\"729\" src=\"https:\/\/gtcarrosserie.com\/wp-content\/uploads\/2021\/03\/motoRenove-1024x729.jpg\" alt=\"\" class=\"wp-image-642\" srcset=\"https:\/\/exemple.nasply.com\/carrossier\/wp-content\/uploads\/2021\/03\/motoRenove-1024x729.jpg 1024w, https:\/\/exemple.nasply.com\/carrossier\/wp-content\/uploads\/2021\/03\/motoRenove-300x214.jpg 300w, https:\/\/exemple.nasply.com\/carrossier\/wp-content\/uploads\/2021\/03\/motoRenove-768x547.jpg 768w, https:\/\/exemple.nasply.com\/carrossier\/wp-content\/uploads\/2021\/03\/motoRenove-1536x1094.jpg 1536w, https:\/\/exemple.nasply.com\/carrossier\/wp-content\/uploads\/2021\/03\/motoRenove-2048x1459.jpg 2048w\" sizes=\"(max-width: 1024px) 100vw, 1024px\" \/><\/a><figcaption><span class=\"has-inline-color has-nv-text-dark-bg-color\">R\u00e9novation d&rsquo;une mot<\/span>o<\/figcaption><\/figure><\/div>\n<\/div>\n<\/div>\n\n\n\n<div style=\"height:40px\" aria-hidden=\"true\" class=\"wp-block-spacer\"><\/div>\n<\/div><\/div>\n<\/div><\/div>\n\n\n\n<div class=\"wp-block-cover alignfull has-nv-light-bg-background-color has-background-dim\" style=\"min-height:420px;aspect-ratio:unset;\"><div class=\"wp-block-cover__inner-container is-layout-flow wp-block-cover-is-layout-flow\">\n<div style=\"height:80px\" aria-hidden=\"true\" class=\"wp-block-spacer\"><\/div>\n\n\n\n\n\n<div class=\"wp-block-columns is-layout-flex wp-container-core-columns-is-layout-9d6595d7 wp-block-columns-is-layout-flex\">\n<div class=\"wp-block-column ticss-4ce656f1 is-layout-flow wp-block-column-is-layout-flow\">\n<p class=\"has-text-align-left has-neve-text-color-color has-text-color has-normal-font-size\">\u201cUne super \u00e9quipe&nbsp;<img loading=\"lazy\" decoding=\"async\" height=\"16\" width=\"16\" alt=\"\ud83d\udc4d\" src=\"https:\/\/static.xx.fbcdn.net\/images\/emoji.php\/v9\/t55\/1.5\/16\/1f44d.png\"> Soucieux du d\u00e9tail et du travail bien fait. Un super taf, pour un r\u00e9sultat au top. Merci \u00e0 vous les gars.\u201d<\/p>\n\n\n\n<p class=\"has-neve-text-color-color has-text-color\">JANET MORRIS<\/p>\n\n\n\n<div style=\"height:20px\" aria-hidden=\"true\" class=\"wp-block-spacer\"><\/div>\n<\/div>\n\n\n\n<div class=\"wp-block-column ticss-f6fc7494 is-layout-flow wp-block-column-is-layout-flow\">\n<p class=\"has-text-align-left has-neve-text-color-color has-text-color has-normal-font-size\">\u201cEncore merci pour ce travail de qualit\u00e9 !\u201d<\/p>\n\n\n\n<p class=\"has-neve-text-color-color has-text-color\">WILLIE BROWN<\/p>\n\n\n\n<div style=\"height:20px\" aria-hidden=\"true\" class=\"wp-block-spacer\"><\/div>\n<\/div>\n\n\n\n<div class=\"wp-block-column ticss-a5b4df29 is-layout-flow wp-block-column-is-layout-flow\">\n<p class=\"has-text-align-left has-neve-text-color-color has-text-color has-normal-font-size\">\u201cWhat is the point of being alive if you don\u2019t at least try to do something remarkable?\u201d<\/p>\n\n\n\n<p class=\"has-neve-text-color-color has-text-color\">SEAN FISHER<\/p>\n\n\n\n<div style=\"height:20px\" aria-hidden=\"true\" class=\"wp-block-spacer\"><\/div>\n<\/div>\n<\/div>\n\n\n\n<div style=\"height:30px\" aria-hidden=\"true\" class=\"wp-block-spacer\"><\/div>\n<\/div><\/div>\n\n\n\n<div class=\"wp-block-cover alignfull has-nv-dark-bg-background-color has-background-dim\" style=\"min-height:300px;aspect-ratio:unset;\"><div class=\"wp-block-cover__inner-container is-layout-flow wp-block-cover-is-layout-flow\">\n<div style=\"height:140px\" aria-hidden=\"true\" class=\"wp-block-spacer\"><\/div>\n\n\n\n<h2 class=\"has-text-align-center has-neve-text-color-color has-text-color wp-block-heading\" style=\"font-size:40px\"><span class=\"has-inline-color has-neve-text-color-color\">Travaillons ensemble<\/span><\/h2>\n\n\n\n<p class=\"has-text-align-center has-medium-font-size\">Contactez nous afin de prendre rendez-vous<\/p>\n\n\n\n<div class=\"wp-block-buttons is-content-justification-center is-layout-flex wp-block-buttons-is-layout-flex\">\n<div class=\"wp-block-button is-style-primary\"><a class=\"wp-block-button__link has-neve-text-color-color has-text-color has-background\" href=\"{home_url}\/contact\" style=\"background-color:#ce242f\">nous contacter<\/a><\/div>\n<\/div>\n\n\n\n<div style=\"height:140px\" aria-hidden=\"true\" class=\"wp-block-spacer\"><\/div>\n<\/div><\/div>\n","protected":false},"excerpt":{"rendered":"<p>Peinture Teinte du v\u00e9hicule Pare-brise Remplacement de pare-brise et vitrage Lavage Nettoyage du v\u00e9hicule \u00e0 la main<\/p>\n","protected":false},"author":1,"featured_media":0,"parent":0,"menu_order":0,"comment_status":"closed","ping_status":"closed","template":"","meta":{"_monsterinsights_skip_tracking":false,"_monsterinsights_sitenote_active":false,"_monsterinsights_sitenote_note":"","_monsterinsights_sitenote_category":0,"neve_meta_sidebar":"default","neve_meta_container":"default","neve_meta_enable_content_width":"on","neve_meta_content_width":100,"neve_meta_title_alignment":"","neve_meta_author_avatar":"","neve_post_elements_order":"","neve_meta_disable_header":"","neve_meta_disable_footer":"","neve_meta_disable_title":"on","pgc_sgb_lightbox_settings":"","footnotes":""},"class_list":["post-5","page","type-page","status-publish","hentry"],"_links":{"self":[{"href":"https:\/\/exemple.nasply.com\/carrossier\/wp-json\/wp\/v2\/pages\/5","targetHints":{"allow":["GET"]}}],"collection":[{"href":"https:\/\/exemple.nasply.com\/carrossier\/wp-json\/wp\/v2\/pages"}],"about":[{"href":"https:\/\/exemple.nasply.com\/carrossier\/wp-json\/wp\/v2\/types\/page"}],"author":[{"embeddable":true,"href":"https:\/\/exemple.nasply.com\/carrossier\/wp-json\/wp\/v2\/users\/1"}],"replies":[{"embeddable":true,"href":"https:\/\/exemple.nasply.com\/carrossier\/wp-json\/wp\/v2\/comments?post=5"}],"version-history":[{"count":55,"href":"https:\/\/exemple.nasply.com\/carrossier\/wp-json\/wp\/v2\/pages\/5\/revisions"}],"predecessor-version":[{"id":788,"href":"https:\/\/exemple.nasply.com\/carrossier\/wp-json\/wp\/v2\/pages\/5\/revisions\/788"}],"wp:attachment":[{"href":"https:\/\/exemple.nasply.com\/carrossier\/wp-json\/wp\/v2\/media?parent=5"}],"curies":[{"name":"wp","href":"https:\/\/api.w.org\/{rel}","templated":true}]}}